{"id":9406,"date":"2024-10-31T14:55:46","date_gmt":"2024-10-31T13:55:46","guid":{"rendered":"https:\/\/new.atpoiano.it\/wordpress\/?page_id=9406"},"modified":"2024-10-31T15:06:00","modified_gmt":"2024-10-31T14:06:00","slug":"il-regolamento-della-club-house","status":"publish","type":"page","link":"https:\/\/new.atpoiano.it\/wordpress\/club\/il-regolamento-della-club-house\/","title":{"rendered":"Il Regolamento della Club House"},"content":{"rendered":"\n<h2 class=\"wp-block-heading\">Regolamento generale di utilizzo della Club House<\/h2>\n\n\n\n<p>Tutti i soci dell\u2019Associazione Tennis Poiano (\u201cATP\u201d) possono accedere liberamente alla CLUB HOUSE nel rispetto del presente Regolamento Generale e delle altre norme applicabili e, in particolare, negli orari di apertura previsti e comunicati ai soci. <\/p>\n\n\n\n<p>Ciascun socio ha l\u2019obbligo di segnalare immediatamente alla segreteria dell\u2019ATP al numero di WhatsApp <a href=\"https:\/\/wa.me\/message\/XETGA2ANR33PI1\">0458700724 <\/a>qualsiasi circostanza utile, in particolare per la conservazione, l\u2019utilizzo e la sicurezza della CLUB HOUSE e di quanto ivi contenuto (ad esempio: presenza di estranei, guasti, circostanze sospette, indici di pericolo, contenitori per i rifiuti non in ordine, arredi danneggiati) e di intervenire immediatamente quando ci\u00f2 sia necessario, direttamente o contattando le Autorit\u00e0 (ad esempio: vetrate lasciate aperte in orario di chiusura, sospetto di furto in corso, perdite, incendio).<\/p>\n\n\n\n<p>All\u2019interno dei locali della CLUB HOUSE e nelle zone pavimentate esterne della CLUB HOUSE i soci possono usufruire liberamente e con la massima cura di tavoli, sedie, ombrelloni e, pi\u00f9 in generale, di arredi e corredi della CLUB HOUSE. <\/p>\n\n\n\n<p>Tutti i soci hanno diritto di servirsi presso i distributori automatici collocati nella CLUB HOUSE, lasciando sempre puliti arredi e locali, nonch\u00e9 operando la raccolta differenziata; se i contenitori dei rifiuti sono pieni e non possono pi\u00f9 raccogliere rifiuti, ciascun socio \u00e8 pregato di portare i sacchetti corrispondenti presso i punti di raccolta al di fuori della sede dell\u2019ATP e di segnalare la circostanza alla segreteria dell\u2019ATP affinch\u00e9 il sacchetto venga sostituito. <\/p>\n\n\n\n<p>\u00c8 vietato consumare alcolici e fumare nei pressi della CLUB HOUSE. <\/p>\n\n\n\n<p>\u00c8 vietata la riproduzione di musica se non in conformit\u00e0 all\u2019ordinamento (ad esempio: pagamento di diritti); di eventuali inadempimenti, sanzioni e altre conseguenze pregiudizievoli risponder\u00e0 il socio richiedente, che con la propria richiesta si impegna a manlevare l\u2019ATP. <\/p>\n\n\n\n<p>Nei pressi della CLUB HOUSE sono vietati il gioco d\u2019azzardo e tutte le attivit\u00e0 illecite; sono consentiti giochi da tavolo e giochi con le carte purch\u00e9 leciti. Nei pressi della CLUB HOUSE \u00e8 obbligatorio mantenere sempre un comportamento educato e rispettoso delle strutture e dei soci dell\u2019ATP; durante il gioco sui campi da tennis, \u00e8 obbligatorio mantenere il silenzio; tutti i soci sono onerati di osservare norme e regolamenti della FITP applicabili all\u2019utilizzo della CLUB HOUSE, consultabili sul sito istituzionale della FITP. <\/p>\n\n\n\n<p>Ciascun socio utilizza la CLUB HOUSE sotto la propria esclusiva responsabilit\u00e0, con rinuncia a qualsiasi iniziativa nei confronti dell\u2019ATP, dei membri del Consiglio Direttivo e degli incaricati dell\u2019ATP. <\/p>\n\n\n\n<p>L\u2019ATP si riserva di concedere a terzi e\/o a soci l\u2019utilizzo della CLUB HOUSE o di parte di essa per eventi organizzati in proprio, dalla FITP e relative emanazioni, nonch\u00e9 in tutti gli altri casi consentiti dall\u2019ordinamento, dallo statuto o con deliberazione del Consiglio Direttivo o della Giunta dell\u2019ATP, fra cui riunioni in ambito FITP e\/o ATP (ad esempio: sedute della Giunta, del Consiglio Direttivo, delle Commissioni); in tali casi l\u2019utilizzo della CLUB HOUSE da parte dei soci potrebbe subire delle limitazioni. <\/p>\n\n\n\n<p>Il diritto di soggetti diversi dai soci di accedere alla CLUB HOUSE deve sempre essere concesso dall\u2019ATP o, comunque, avvenire in conformit\u00e0 all\u2019ordinamento, allo statuto o a deliberazione del Consiglio Direttivo o della Giunta dell\u2019ATP (ad esempio: in occasione di competizioni, con riferimento alla scuola tennis); in caso di ospiti nei termini consentiti dall\u2019ATP, il socio \u00e8 responsabile nei confronti dell\u2019ATP e di terzi del comportamento del proprio ospite. <\/p>\n\n\n\n<p>Eventuali violazioni del presente Regolamento e, in generale, tutti i comportamenti potenzialmente pregiudizievoli con riferimento all\u2019utilizzo della CLUB HOUSE devono essere segnalati alla segreteria dell\u2019ATP, che si riserva di coinvolgere il Collegio dei Probiviri nei casi previsti. <\/p>\n\n\n\n<p>L\u2019ATP si riserva di modificare nel tempo il presente Regolamento, dandone comunicazione ai soci.<\/p>\n\n\n\n<p><\/p>\n","protected":false},"excerpt":{"rendered":"<p>Regolamento generale di utilizzo della Club House Tutti i soci dell\u2019Associazione Tennis Poiano (\u201cATP\u201d) possono accedere liberamente alla CLUB HOUSE<\/p>\n","protected":false},"author":10,"featured_media":0,"parent":386,"menu_order":0,"comment_status":"closed","ping_status":"closed","template":"","meta":{"footnotes":""},"class_list":["post-9406","page","type-page","status-publish","hentry"],"_links":{"self":[{"href":"https:\/\/new.atpoiano.it\/wordpress\/wp-json\/wp\/v2\/pages\/9406","targetHints":{"allow":["GET"]}}],"collection":[{"href":"https:\/\/new.atpoiano.it\/wordpress\/wp-json\/wp\/v2\/pages"}],"about":[{"href":"https:\/\/new.atpoiano.it\/wordpress\/wp-json\/wp\/v2\/types\/page"}],"author":[{"embeddable":true,"href":"https:\/\/new.atpoiano.it\/wordpress\/wp-json\/wp\/v2\/users\/10"}],"replies":[{"embeddable":true,"href":"https:\/\/new.atpoiano.it\/wordpress\/wp-json\/wp\/v2\/comments?post=9406"}],"version-history":[{"count":4,"href":"https:\/\/new.atpoiano.it\/wordpress\/wp-json\/wp\/v2\/pages\/9406\/revisions"}],"predecessor-version":[{"id":9414,"href":"https:\/\/new.atpoiano.it\/wordpress\/wp-json\/wp\/v2\/pages\/9406\/revisions\/9414"}],"up":[{"embeddable":true,"href":"https:\/\/new.atpoiano.it\/wordpress\/wp-json\/wp\/v2\/pages\/386"}],"wp:attachment":[{"href":"https:\/\/new.atpoiano.it\/wordpress\/wp-json\/wp\/v2\/media?parent=9406"}],"curies":[{"name":"wp","href":"https:\/\/api.w.org\/{rel}","templated":true}]}}