{"id":7315,"date":"2023-08-26T17:19:36","date_gmt":"2023-08-26T15:19:36","guid":{"rendered":"https:\/\/www.atpoiano.it\/?page_id=7315"},"modified":"2023-09-05T18:14:41","modified_gmt":"2023-09-05T16:14:41","slug":"scuola-tennis-2023-2024","status":"publish","type":"page","link":"https:\/\/new.atpoiano.it\/wordpress\/scuola-tennis-2023-2024\/","title":{"rendered":"Scuola Tennis 2023-2024"},"content":{"rendered":"<p style=\"text-align: left;\"><strong><span style=\"color: #ff0000;\">ASSOCIAZIONE TENNIS POIANO &#8211; SCUOLA TENNIS<\/span> <\/strong><br \/>\n<span style=\"color: #808080;\">Accreditata CLUB SCHOOL &#8211; Federazione Italiana Tennis e Padel<\/span><\/p>\n<p style=\"text-align: left;\">organizza una Scuola Addestramento Tennis rivolta a <strong>Ragazzi\/e dai 6 ai 18 anni<\/strong> e coordinata dal <strong>Maestro Nazionale Alberto Falchi<\/strong><\/p>\n<p><strong>IL PERIODO<\/strong><\/p>\n<p>Inizio LUNED\u00cc 2 OTTOBRE 2023<br \/>\nTermine VENERD\u00cc 24 MAGGIO 2024<\/p>\n<p>Nel periodo natalizio e pasquale \u00e8 prevista una pausa.<br \/>\nLe lezioni si svolgeranno nelle fasce orarie pomeridiane con frequenza di UNA, DUE o TRE volte a settimana. I gruppi di ragazzi saranno composti da un minimo di 3 a un massimo di 6 atleti.<br \/>\nIl maestro Falchi si avvarr\u00e0, ove necessario, di un collaboratore per lo svolgimento della Scuola Tennis accreditata <strong>Club School<\/strong> dalla Federazione Italiana Tennis e Padel.<br \/>\nLe lezioni non effettuate, per causa di forza maggiore, verranno recuperate nella settimana successiva alla fine del corso (maggio 2024).<\/p>\n<p><strong>IL CERTIFICATO MEDICO<\/strong><br \/>\n\u00c8 obbligatorio essere in possesso di certificato medico in corso di validit\u00e0 (per attivit\u00e0 non agonistica) da consegnare al Maestro o in segreteria.<br \/>\n<strong>In mancanza del certificato non sar\u00e0 possibile giocare.<\/strong><\/p>\n<p><strong>LE ISCRIZIONI<\/strong><br \/>\nLe iscrizioni vanno fatte ESCLUSIVAMENTE sul sito:<\/p>\n<p><a href=\"https:\/\/new.atpoiano.it\/wordpress\/iscrizione-scuola-tennis-2023-2024\/\">https:\/\/new.atpoiano.it\/wordpress\/iscrizione-scuola-tennis-2023-2024\/<\/a><\/p>\n<p><strong>I COSTI<\/strong><\/p>\n<p>Il costo di partecipazione alla Scuola Addestramento Tennis diretta dal Maestro Nazionale Alberto Falchi \u00e8 il seguente:<\/p>\n<p>1 volta\/settimana: \u20ac 400,00 + \u20ac 25,00 tessera sociale<\/p>\n<p>2 volte\/settimana: \u20ac 650,00 + \u20ac 25,00 tessera sociale<\/p>\n<p>3 volte\/settimana: \u20ac 820,00 (tessera sociale gratuita)<\/p>\n<p><strong>IL PAGAMENTO<\/strong><br \/>\nLe quote possono essere pagate in una unica rata oppure in due rate: la prima ad inizio della Scuola Tennis (entro il 13.10.2023) e la seconda entro il 30.12.2023.<\/p>\n<p>Come e dove effettuare il pagamento:<br \/>\na) presso i campi: la segreteria \u00e8 aperta il gioved\u00ec dalle ore 17:00 alle ore 19:00<br \/>\nb) tramite Bonifico Bancario: Associazione Tennis Poiano, Banca Popolare di Verona, Agenzia Via Fincato, IBAN:<br \/>\nIT 82 M 05034 11717 0000 0005 5612<\/p>\n<p>Tutti gli iscritti in regola con la consegna del certificato medico riceveranno un completino (compreso nella quota).<\/p>\n<p>&nbsp;<\/p>\n<p><strong>IMPORTANTE:<\/strong> Le iscrizioni vanno fatte ESCLUSIVAMENTE sul sito:<\/p>\n<p><a href=\"https:\/\/new.atpoiano.it\/wordpress\/iscrizione-scuola-tennis-2023-2024\/\">https:\/\/new.atpoiano.it\/wordpress\/iscrizione-scuola-tennis-2023-2024\/<\/a><\/p>\n","protected":false},"excerpt":{"rendered":"<p>ASSOCIAZIONE TENNIS POIANO &#8211; SCUOLA TENNIS Accreditata CLUB SCHOOL &#8211; Federazione Italiana Tennis e Padel organizza una Scuola Addestramento Tennis<\/p>\n","protected":false},"author":7,"featured_media":0,"parent":0,"menu_order":0,"comment_status":"closed","ping_status":"closed","template":"","meta":{"footnotes":""},"class_list":["post-7315","page","type-page","status-publish","hentry"],"_links":{"self":[{"href":"https:\/\/new.atpoiano.it\/wordpress\/wp-json\/wp\/v2\/pages\/7315","targetHints":{"allow":["GET"]}}],"collection":[{"href":"https:\/\/new.atpoiano.it\/wordpress\/wp-json\/wp\/v2\/pages"}],"about":[{"href":"https:\/\/new.atpoiano.it\/wordpress\/wp-json\/wp\/v2\/types\/page"}],"author":[{"embeddable":true,"href":"https:\/\/new.atpoiano.it\/wordpress\/wp-json\/wp\/v2\/users\/7"}],"replies":[{"embeddable":true,"href":"https:\/\/new.atpoiano.it\/wordpress\/wp-json\/wp\/v2\/comments?post=7315"}],"version-history":[{"count":6,"href":"https:\/\/new.atpoiano.it\/wordpress\/wp-json\/wp\/v2\/pages\/7315\/revisions"}],"predecessor-version":[{"id":7377,"href":"https:\/\/new.atpoiano.it\/wordpress\/wp-json\/wp\/v2\/pages\/7315\/revisions\/7377"}],"wp:attachment":[{"href":"https:\/\/new.atpoiano.it\/wordpress\/wp-json\/wp\/v2\/media?parent=7315"}],"curies":[{"name":"wp","href":"https:\/\/api.w.org\/{rel}","templated":true}]}}