{"id":423,"date":"2018-11-27T23:48:15","date_gmt":"2018-11-27T22:48:15","guid":{"rendered":"http:\/\/www.atpoiano.it\/wordpress\/?page_id=423"},"modified":"2025-06-09T14:52:55","modified_gmt":"2025-06-09T12:52:55","slug":"regolamento","status":"publish","type":"page","link":"https:\/\/new.atpoiano.it\/wordpress\/club\/regolamento\/","title":{"rendered":"Il Regolamento"},"content":{"rendered":"<p style=\"text-align: center;\"><b>REGOLAMENTO PRENOTAZIONI E\u00a0 D&#8217;USO DEI CAMPI<br \/>\n<\/b><\/p>\n<p>1) Sui campi dell&#8217;Associazione Tennis Poiano <strong>possono giocare solo i Soci in regola con il tesseramento che ha validit\u00e0 12 mesi, in regola con il Certificato Medico e l&#8217;iscrizione alla FITP<\/strong>. Pertanto la possibilit\u00e0 di far giocare il cosiddetto &#8220;ospite&#8221; deve considerarsi eccezionale e in ogni modo non pu\u00f2 ripetersi pi\u00f9 di cinque volte all&#8217;anno\/tessera. L&#8217;<strong>ospite DEVE essere provvisto di Certificato Medico Sportivo<\/strong> e il <strong>Socio ha il Dovere di controllare<\/strong><\/p>\n<p>2) \u00c8 attivo il nuovo sistema di prenotazione <strong><a href=\"https:\/\/www.atpoiano.it\/atpoianonet\/login_web.php\">ATPNET<\/a><\/strong><\/p>\n<p>3) Come accendo le luci? Per questa e tutte le altre richieste vedere la sessione <a href=\"https:\/\/new.atpoiano.it\/wordpress\/atpnet-manuale-duso\/?doing_wp_cron=1572096584.8010859489440917968750\" target=\"_blank\" rel=\"noopener noreferrer\"><strong>MANUALE-ATPNET<\/strong><\/a><\/p>\n<p>4) L&#8217;art. 3 del Regolamento prevede quanto segue:<\/p>\n<ul>\n<li>E\u2019 severamente vietato giocare con scarpe non regolamentari, a dorso nudo o con abbigliamento non consono<\/li>\n<li>Dentro e fuori dai campi tenere un comportamento rispettoso, evitando schiamazzi ed imprecazioni<\/li>\n<li>Chi inizia a giocare pu\u00f2 entrare solo allo scoccare dell\u2019ora prenotata e deve trovare il campo libero e pronto per giocare<\/li>\n<li>La propria ora di gioco inizia ai 30\u2019 (campo 1), ai 00\u2019 (campo 2) o ai 15\u2019 (campo 3) e finisce 4 minuti prima dello scoccare dell\u2019ora successiva<\/li>\n<li>E\u2019 fatto obbligo ai giocatori uscenti: smettere il gioco per tempo (anche se non ci sono giocatori nell\u2019ora successiva), tirare la stuoia con diligenza su tutta la superficie del campo sino al limite dei muretti e ripulire il proprio angolo da bottiglie o immondizie<\/li>\n<li>E\u2019 fatto obbligo ai giocatori entranti: di bagnare il campo in tutta la sua superficie (se la stagione lo necessita) e di posizionare la canna lungo il campo (e non arrotolata grossolanamente) per non recare pericolo ai giocatori durante la partita<\/li>\n<\/ul>\n<p>5)\u00a0<b>A nessuno<\/b>, tranne che alle persone autorizzate dal Consiglio Direttivo, <strong>\u00e8 consentito impartire lezioni di tennis sui campi dell&#8217;A.T. Poiano<\/strong>. Tale proibizione non solo esclude l&#8217;utilizzo del &#8220;cesto&#8221;, ma qualsiasi tipo d&#8217;insegnamento che prevede compenso, inoltre riguarda sia le ore fisse sia le ore a prenotazione settimanale<\/p>\n<p>6) I soci possessori di tessera FITP agonistica per altri circoli od associazioni, possono aderire a tutte le attivit\u00e0 sociali<\/p>\n<p>7) L&#8217;A.T.Poiano si riserva di effettuare quelle variazioni che si rendessero necessarie al presente regolamento<\/p>\n<p>8) I SOCI SONO TENUTI AD OSSERVARE SCRUPOLOSAMENTE I REGOLAMENTI E GLI AVVISI ESPOSTI IN BACHECA. L&#8217;A.T.POIANO SI RISERVA DI PRENDERE PROVVEDIMENTI CON GLI INADEMPIENTI E, NEI CASI PIU&#8217; GRAVI, IL RITIRO DELLA TESSERA<\/p>\n<p>9) L&#8217;utilizzo della Club House del circolo \u00e8 regolamentato secondo quanto descritto <a href=\"https:\/\/new.atpoiano.it\/club\/il-regolamento-della-club-house\/\">qui<\/a><\/p>\n<p>APPENDICE: a seguito delle recenti novit\u00e0 normative in tema di certificazioni sanitarie per l&#8217;attivit\u00e0 sportiva e del conseguente aggiornamento delle Carte Federali della F.I.T.P. tutti coloro che, anche saltuariamente, intendano giocare a tennis presso un circolo affiliato F.I.T.P. devono consegnare all&#8217;affiliato un certificato medico che ne attesti l&#8217;idoneit\u00e0 alla pratica sportiva non agonistica. Pertanto, anche i Soci del nostro Circolo dovranno consegnare in segreteria il Certificato Medico. A coloro che non facessero pervenire il Certificato sar\u00e0 possibile rilasciare solo la Tessera Associativa che tuttavia, come anticipato, non consente la pratica sportiva presso il circolo affiliato F.I.T.P.<\/p>\n<p>In ottemperanza al decreto legislativo 28 febbraio 2021, n. 39, l&#8217;Associazione Tennis Poiano ha predisposto e pubblicato il Modello di Organizzazione e\u00a0 il Codice di Condotta, con nomina del Responsabile contro abusi, violenze e discriminazioni &#8211; i documenti sono accessibili ai seguenti link: <a href=\"https:\/\/new.atpoiano.it\/wordpress\/wp-content\/uploads\/2024\/10\/Codice_di_condotta_ATP_29.9.2024.pdf\">Codice_di_condotta_ATP_29.9.2024<\/a> e\u00a0<a href=\"https:\/\/new.atpoiano.it\/wordpress\/wp-content\/uploads\/2024\/10\/Modello_di_Organizzazione_ATP_29.9.2024.pdf\">Modello_di_Organizzazione_ATP_29.9.2024.<\/a><\/p>\n<p style=\"text-align: right;\"><b>ASSOCIAZIONE TENNIS POIANO<\/b><\/p>\n","protected":false},"excerpt":{"rendered":"<p>REGOLAMENTO PRENOTAZIONI E\u00a0 D&#8217;USO DEI CAMPI 1) Sui campi dell&#8217;Associazione Tennis Poiano possono giocare solo i Soci in regola con<\/p>\n","protected":false},"author":7,"featured_media":0,"parent":386,"menu_order":0,"comment_status":"closed","ping_status":"closed","template":"","meta":{"footnotes":""},"class_list":["post-423","page","type-page","status-publish","hentry"],"_links":{"self":[{"href":"https:\/\/new.atpoiano.it\/wordpress\/wp-json\/wp\/v2\/pages\/423","targetHints":{"allow":["GET"]}}],"collection":[{"href":"https:\/\/new.atpoiano.it\/wordpress\/wp-json\/wp\/v2\/pages"}],"about":[{"href":"https:\/\/new.atpoiano.it\/wordpress\/wp-json\/wp\/v2\/types\/page"}],"author":[{"embeddable":true,"href":"https:\/\/new.atpoiano.it\/wordpress\/wp-json\/wp\/v2\/users\/7"}],"replies":[{"embeddable":true,"href":"https:\/\/new.atpoiano.it\/wordpress\/wp-json\/wp\/v2\/comments?post=423"}],"version-history":[{"count":14,"href":"https:\/\/new.atpoiano.it\/wordpress\/wp-json\/wp\/v2\/pages\/423\/revisions"}],"predecessor-version":[{"id":10993,"href":"https:\/\/new.atpoiano.it\/wordpress\/wp-json\/wp\/v2\/pages\/423\/revisions\/10993"}],"up":[{"embeddable":true,"href":"https:\/\/new.atpoiano.it\/wordpress\/wp-json\/wp\/v2\/pages\/386"}],"wp:attachment":[{"href":"https:\/\/new.atpoiano.it\/wordpress\/wp-json\/wp\/v2\/media?parent=423"}],"curies":[{"name":"wp","href":"https:\/\/api.w.org\/{rel}","templated":true}]}}