{"id":4044,"date":"2019-11-03T19:19:45","date_gmt":"2019-11-03T18:19:45","guid":{"rendered":"https:\/\/www.atpoiano.it\/?page_id=4044"},"modified":"2024-10-20T16:32:17","modified_gmt":"2024-10-20T14:32:17","slug":"la-storia","status":"publish","type":"page","link":"https:\/\/new.atpoiano.it\/wordpress\/club\/la-storia\/","title":{"rendered":"La Storia"},"content":{"rendered":"\n<blockquote class=\"wp-block-quote is-layout-flow wp-block-quote-is-layout-flow\">\n<p>\u201cIl 17 maggio del 1983 un gruppo di persone interessate si \u00e8 riunito presso il bar Centrale di Poiano\u2026\u201d<\/p>\n\n\n\n<p>Inizia cosi il primo verbale dell\u2019assemblea dell\u2019Associazione Tennis Poiano, datato 17 maggio 1983.<\/p>\n<\/blockquote>\n\n\n\n<figure class=\"wp-block-video\"><video controls src=\"https:\/\/new.atpoiano.it\/wordpress\/wp-content\/uploads\/2024\/08\/video_presentazione_Circolo_ATP_mp4.mp4\"><\/video><\/figure>\n\n\n<p class=\"bodytext\" align=\"justify\">Intorno alla fine degli anni &#8217;70 Tiziano Bellini, primo maestro del circolo, e Roberto Perina, avevano scoperto che c&#8217;era la possibilit\u00e0 di giocare a tennis senza nulla spendere: il campo era vicino al Santuario della Madonna di Lourdes e l\u00ec iniziarono; poi, per\u00f2, con l&#8217;inizio degli anni &#8217;80, l&#8217;avventura tennistica si spost\u00f2 sulla piazza della chiesa di Poiano. Allora non c&#8217;erano molte auto, che arrivavano solo in occasione delle funzioni religiose. L&#8217;idea fu di Roberto Perina, che inizi\u00f2 a disegnare il campo; successivamente, con l&#8217;aiuto dell&#8217;impresa di Claudio Caliari, si fecero i fori a misura per infilare e sfilare la rete; le righe, verniciate in giallo, erano ben visibili e davano la sensazione di un campo ben curato, quai &#8220;serio&#8221;.<\/p>\n<p class=\"bodytext\"><a href=\"http:\/\/www.atpoiano.it\/wordpress\/wp-content\/uploads\/2018\/11\/storia1.png\" rel=\"lightbox [storia]\"><img loading=\"lazy\" decoding=\"async\" class=\"alignnone\" src=\"http:\/\/www.atpoiano.it\/wordpress\/wp-content\/uploads\/2018\/11\/storia1_th-1.png\" alt=\"\" width=\"90\" height=\"58\" \/><\/a>\u00a0\u00a0<a href=\"http:\/\/www.atpoiano.it\/wordpress\/wp-content\/uploads\/2018\/11\/storia2.png\" rel=\"lightbox [storia]\"><img loading=\"lazy\" decoding=\"async\" class=\"alignnone\" src=\"http:\/\/www.atpoiano.it\/wordpress\/wp-content\/uploads\/2018\/11\/storia2_th-1.png\" alt=\"\" width=\"90\" height=\"136\" \/><\/a>\u00a0\u00a0<a href=\"http:\/\/www.atpoiano.it\/wordpress\/wp-content\/uploads\/2018\/11\/storia3.png\" rel=\"lightbox [storia]\"><img loading=\"lazy\" decoding=\"async\" src=\"http:\/\/www.atpoiano.it\/wordpress\/wp-content\/uploads\/2018\/11\/storia3_th-1.png\" alt=\"\" width=\"90\" height=\"60\" \/><\/a><\/p>\n<p class=\"bodytext\" align=\"justify\">Il campo di regolari misure, con leggera pendenza verso il lato opposto alla chiesa e verso la famosa fontanina di Poiano, venne via via migliorato, con un leggero strato di cemento per rimediare alle rugosit\u00e0 dell&#8217;asfalto, che faceva consumare le palline molto velocemente. Successivamente venne anche tinteggiato con un colore verde per esterni, procurato gratis da alcuni amici che lavoravano presso il colorificio Casati &#8211; era un verde tenue, per non dare troppo nell&#8217;occhio&#8230;<\/p>\n<p class=\"bodytext\"><a href=\"http:\/\/www.atpoiano.it\/wordpress\/wp-content\/uploads\/2018\/11\/storia4.png\" rel=\"lightbox [storia]\"><img loading=\"lazy\" decoding=\"async\" src=\"http:\/\/www.atpoiano.it\/wordpress\/wp-content\/uploads\/2018\/11\/storia4_th.png\" alt=\"\" width=\"90\" height=\"133\" \/><\/a>\u00a0\u00a0<a href=\"http:\/\/www.atpoiano.it\/wordpress\/wp-content\/uploads\/2018\/11\/storia9.png\" rel=\"lightbox [storia]\"><img loading=\"lazy\" decoding=\"async\" src=\"http:\/\/www.atpoiano.it\/wordpress\/wp-content\/uploads\/2018\/11\/storia9_th.png\" alt=\"\" width=\"90\" height=\"127\" \/><\/a>\u00a0\u00a0<a href=\"http:\/\/www.atpoiano.it\/wordpress\/wp-content\/uploads\/2018\/11\/storia5.png\" rel=\"lightbox [storia]\"><img loading=\"lazy\" decoding=\"async\" src=\"http:\/\/www.atpoiano.it\/wordpress\/wp-content\/uploads\/2018\/11\/storia5_th.png\" alt=\"\" width=\"90\" height=\"135\" \/><\/a><\/p>\n<p class=\"bodytext\" align=\"justify\">Lo spazio \u201cpiano\u201d utilizzabile scontava un grave problema: bisognava rincorrere le palline sfuggite al controllo dei giocatori gi\u00f9, gi\u00f9, fino in fondo al paese! La regola principale prevedeva che la palla andasse recuperata dal giocatore che aveva perso il punto&#8230; a meno che non ci fossero in giro alcuni ragazzini che fungevano da raccattapalle in cambio di un gelato o con la promessa di farli giocare prima di smontare il campo.<\/p>\n<p class=\"bodytext\"><a href=\"http:\/\/www.atpoiano.it\/wordpress\/wp-content\/uploads\/2018\/11\/storia7.png\" rel=\"lightbox [storia]\"><img loading=\"lazy\" decoding=\"async\" src=\"http:\/\/www.atpoiano.it\/wordpress\/wp-content\/uploads\/2018\/11\/storia7_th.png\" alt=\"\" width=\"90\" height=\"135\" \/><\/a>\u00a0\u00a0<a href=\"http:\/\/www.atpoiano.it\/wordpress\/wp-content\/uploads\/2018\/11\/storia10.png\" rel=\"lightbox [storia]\"><img loading=\"lazy\" decoding=\"async\" src=\"http:\/\/www.atpoiano.it\/wordpress\/wp-content\/uploads\/2018\/11\/storia10_th.png\" alt=\"\" width=\"90\" height=\"127\" \/><\/a>\u00a0\u00a0<a href=\"http:\/\/www.atpoiano.it\/wordpress\/wp-content\/uploads\/2018\/11\/storia8.png\" rel=\"lightbox [storia]\"><img loading=\"lazy\" decoding=\"async\" src=\"http:\/\/www.atpoiano.it\/wordpress\/wp-content\/uploads\/2018\/11\/storia8_th.png\" alt=\"\" width=\"90\" height=\"61\" \/><\/a><\/p>\n<p class=\"bodytext\" align=\"justify\">Durante quegli anni si organizzavano addirittura dei tornei &#8211; non mancava nemmeno il seggiolone dell&#8217;arbitro. Durante una finale si dovette interrompere la partita per l&#8217;arrivo inaspettato di un funerale&#8230; di cui i nostri pionieri non erano informati: il &#8220;servizio informazioni&#8221; non aveva funzionato a dovere e cos\u00ec, all&#8217;arrivo delle prime vetture che anticipavano il carro funebre, con una organizzazione degna dei migliori circoli di tennis mondiale, in meno di due minuti si liber\u00f2 la piazza da pali e rete. La finale fu sospesa per poco pi\u00f9 di un&#8217;ora ma venne portata a termine alla fine della cerimonia.<\/p>\n<p class=\"bodytext\"><a href=\"http:\/\/www.atpoiano.it\/wordpress\/wp-content\/uploads\/2018\/11\/storia6.png\" rel=\"lightbox [storia]\"><img loading=\"lazy\" decoding=\"async\" src=\"http:\/\/www.atpoiano.it\/wordpress\/wp-content\/uploads\/2018\/11\/storia6_th.png\" alt=\"\" width=\"90\" height=\"61\" \/><\/a><\/p>\n<p class=\"bodytext\" align=\"justify\">Nel 1982, come attesta la lettera allegata, spinti da Lorenzo Andriolli, assieme all&#8217;appoggio di Roberto Antolini, Tiziano Bellini, Claudio Caliari, Roberto Perina, Pino Russo, Aldo Tezza e Paolo Zamboni, fu fatta regolare domanda al Comune per costruire due campi da tennis a nostre spese, da lasciare in propriet\u00e0 al Comune a fronte della concessione della gestione per quindici anni, senza alcun canone da versare; si trovarono trenta soci finanziatori che sborsarono 500.000 mila lire a testa e, in cambio, poterono giocare gratis per cinque anni.<\/p>\n<p class=\"bodytext\" align=\"justify\">Sollecitato dai figli, Lorenzo Andriolli segu\u00ec l&#8217;iter burocratico come presidente della neonata Associazione e il 24 luglio 1986 i due campi in terra rossa furono inaugurati dall&#8217;allora Assessore allo Sport Graziano Rugiadi.<\/p>\n<p class=\"bodytext\"><a href=\"http:\/\/www.atpoiano.it\/wordpress\/wp-content\/uploads\/2018\/11\/a.jpg\" rel=\"lightbox[atp]\"><img loading=\"lazy\" decoding=\"async\" src=\"http:\/\/www.atpoiano.it\/wordpress\/wp-content\/uploads\/2018\/11\/a_th.jpg\" alt=\"\" width=\"151\" height=\"115\" \/><\/a><a href=\"http:\/\/www.atpoiano.it\/wordpress\/wp-content\/uploads\/2018\/11\/c.jpg\" rel=\"lightbox[atp]\"><img loading=\"lazy\" decoding=\"async\" src=\"http:\/\/www.atpoiano.it\/wordpress\/wp-content\/uploads\/2018\/11\/c_th.jpg\" alt=\"\" width=\"151\" height=\"115\" \/><\/a><a href=\"http:\/\/www.atpoiano.it\/wordpress\/wp-content\/uploads\/2018\/11\/d.jpg\" rel=\"lightbox[atp]\"><img loading=\"lazy\" decoding=\"async\" src=\"http:\/\/www.atpoiano.it\/wordpress\/wp-content\/uploads\/2018\/11\/d_th.jpg\" alt=\"\" width=\"151\" height=\"115\" \/><\/a><\/p>\n<p class=\"bodytext\" align=\"justify\">Non molto tempo dopo i nostri soci, non contenti, pensarono di coprire i campi per poter giocare anche nel periodo invernale. Inizi\u00f2 quindi, nel 1987, un nuovo laborioso iter che, contando sempre sul contributo finanziario dei soci, approd\u00f2 all\u2019installazione di una nuova copertura pressostatica che permise di giocare anche nei mesi invernali a partire dal novembre 1990, sotto la nuova presidenza di\u00a0Gian Pietro Tiozzo e con il supporto laborioso e instancabile di Tiziano Saletti.<\/p>\n<p class=\"bodytext\" align=\"justify\">Nel 1993 il Comune di Verona costru\u00ec i nuovi spogliatoi ad uso esclusivo del tennis (prima, con qualche disagio, erano condivisi con il calcio).<\/p>\n<p class=\"bodytext\"><a href=\"http:\/\/www.atpoiano.it\/wordpress\/wp-content\/uploads\/2018\/11\/panor1.jpg\" rel=\"lightbox[atp]\"><img loading=\"lazy\" decoding=\"async\" src=\"http:\/\/www.atpoiano.it\/wordpress\/wp-content\/uploads\/2018\/11\/panor1_th.jpg\" alt=\"\" width=\"309\" height=\"121\" \/><\/a><a href=\"http:\/\/www.atpoiano.it\/wordpress\/wp-content\/uploads\/2018\/11\/poiano2.jpg\" rel=\"lightbox[atp]\"><img loading=\"lazy\" decoding=\"async\" src=\"http:\/\/www.atpoiano.it\/wordpress\/wp-content\/uploads\/2018\/11\/poiano2_th.jpg\" alt=\"\" width=\"159\" height=\"121\" \/><\/a><\/p>\n<p class=\"bodytext\" align=\"justify\">Grazie al parere favorevole del Comune di Verona abbiamo potuto ampliare le strutture della nostra associazione con la costruzione di un terzo campo, dei nuovi spogliatoi e, da ultimo, finalmente, di una splendida Club House; dal 2010 siamo dotati di un servizio di prenotazione on-line dei campi.<\/p>\n<p align=\"justify\">L\u2019Associazione Tennis Poiano partecipa ai campionati a squadre organizzate dalla Federazione Italiana Tennis e Padel con squadre maschili e femminili e organizza ogni anno tornei e competizioni a livello sociale &#8211; fra questi si segnala il torneo sociale Elettro90, che ogni anno viene organizzato con grande impegno e professionalit\u00e0 al fine di eleggere i Campioni Sociali ma, soprattutto, di far conoscere e divertire i soci in un clima di sereno agonismo.\u00a0<\/p>\n<p class=\"bodytext\" align=\"justify\">L\u2019Associazione \u00e8 retta da un Consiglio Direttivo composto da sette consiglieri, compreso il Presidente, e conta oltre trecento soci.<\/p>","protected":false},"excerpt":{"rendered":"<p>\u201cIl 17 maggio del 1983 un gruppo di persone interessate si \u00e8 riunito presso il bar Centrale di Poiano\u2026\u201d Inizia<\/p>\n","protected":false},"author":7,"featured_media":0,"parent":386,"menu_order":0,"comment_status":"closed","ping_status":"closed","template":"","meta":{"footnotes":""},"class_list":["post-4044","page","type-page","status-publish","hentry"],"_links":{"self":[{"href":"https:\/\/new.atpoiano.it\/wordpress\/wp-json\/wp\/v2\/pages\/4044","targetHints":{"allow":["GET"]}}],"collection":[{"href":"https:\/\/new.atpoiano.it\/wordpress\/wp-json\/wp\/v2\/pages"}],"about":[{"href":"https:\/\/new.atpoiano.it\/wordpress\/wp-json\/wp\/v2\/types\/page"}],"author":[{"embeddable":true,"href":"https:\/\/new.atpoiano.it\/wordpress\/wp-json\/wp\/v2\/users\/7"}],"replies":[{"embeddable":true,"href":"https:\/\/new.atpoiano.it\/wordpress\/wp-json\/wp\/v2\/comments?post=4044"}],"version-history":[{"count":7,"href":"https:\/\/new.atpoiano.it\/wordpress\/wp-json\/wp\/v2\/pages\/4044\/revisions"}],"predecessor-version":[{"id":9945,"href":"https:\/\/new.atpoiano.it\/wordpress\/wp-json\/wp\/v2\/pages\/4044\/revisions\/9945"}],"up":[{"embeddable":true,"href":"https:\/\/new.atpoiano.it\/wordpress\/wp-json\/wp\/v2\/pages\/386"}],"wp:attachment":[{"href":"https:\/\/new.atpoiano.it\/wordpress\/wp-json\/wp\/v2\/media?parent=4044"}],"curies":[{"name":"wp","href":"https:\/\/api.w.org\/{rel}","templated":true}]}}