{"id":3878,"date":"2019-10-24T17:44:49","date_gmt":"2019-10-24T15:44:49","guid":{"rendered":"https:\/\/www.atpoiano.it\/?page_id=3878"},"modified":"2025-12-16T11:17:02","modified_gmt":"2025-12-16T10:17:02","slug":"tesseramento-f-i-t","status":"publish","type":"page","link":"https:\/\/new.atpoiano.it\/wordpress\/club\/tesseramento-f-i-t\/","title":{"rendered":"Il tesseramento FITP"},"content":{"rendered":"\n<p><\/p>\n\n\n\n<p>IL TESSERAMENTO alla FITP E&#8217; OBBLIGATORIO<\/p>\n\n\n\n<p>E&#8217; possibile fare una nuova richiesta o il rinnovo della propria tessera FITP (Federazione Italiana Tennis e Padel) solo attraverso WEB, seguendo una semplice procedura di immissione di dati e la conferma degli stessi.<\/p>\n\n\n\n<p>Il Link da utilizzare \u00e8 il seguente: <a href=\"https:\/\/tesseramento.fitp.it\/home\" target=\"_blank\" rel=\"noreferrer noopener\">TESSERATI &#8211;&nbsp;https:\/\/tesseramento.federtennis.it\/home.asp<\/a><\/p>\n\n\n\n<figure class=\"wp-block-image\"><img loading=\"lazy\" decoding=\"async\" width=\"250\" height=\"199\" src=\"https:\/\/new.atpoiano.it\/wordpress\/wp-content\/uploads\/2025\/01\/Tesserati-FITP.png\" alt=\"\" class=\"wp-image-9904\"\/><\/figure>\n\n\n\n<p>Quando entrati (vedi immagine sopra), cliccare sull&#8217; icona TESSERATI.<\/p>\n\n\n\n<figure data-wp-context=\"{&quot;imageId&quot;:&quot;69fbaa76843c6&quot;}\" data-wp-interactive=\"core\/image\" data-wp-key=\"69fbaa76843c6\" class=\"wp-block-image wp-lightbox-container\"><img loading=\"lazy\" decoding=\"async\" width=\"320\" height=\"275\" data-wp-class--hide=\"state.isContentHidden\" data-wp-class--show=\"state.isContentVisible\" data-wp-init=\"callbacks.setButtonStyles\" data-wp-on--click=\"actions.showLightbox\" data-wp-on--load=\"callbacks.setButtonStyles\" data-wp-on-window--resize=\"callbacks.setButtonStyles\" src=\"https:\/\/new.atpoiano.it\/wordpress\/wp-content\/uploads\/2019\/10\/Schermata-2019-10-24-alle-17.53.25-320x275.png\" alt=\"\" class=\"wp-image-3884\" srcset=\"https:\/\/new.atpoiano.it\/wordpress\/wp-content\/uploads\/2019\/10\/Schermata-2019-10-24-alle-17.53.25-320x275.png 320w, https:\/\/new.atpoiano.it\/wordpress\/wp-content\/uploads\/2019\/10\/Schermata-2019-10-24-alle-17.53.25-768x660.png 768w, https:\/\/new.atpoiano.it\/wordpress\/wp-content\/uploads\/2019\/10\/Schermata-2019-10-24-alle-17.53.25-960x825.png 960w, https:\/\/new.atpoiano.it\/wordpress\/wp-content\/uploads\/2019\/10\/Schermata-2019-10-24-alle-17.53.25.png 1158w\" sizes=\"auto, (max-width: 320px) 100vw, 320px\" \/><button\n\t\t\tclass=\"lightbox-trigger\"\n\t\t\ttype=\"button\"\n\t\t\taria-haspopup=\"dialog\"\n\t\t\taria-label=\"Ingrandisci\"\n\t\t\tdata-wp-init=\"callbacks.initTriggerButton\"\n\t\t\tdata-wp-on--click=\"actions.showLightbox\"\n\t\t\tdata-wp-style--right=\"state.imageButtonRight\"\n\t\t\tdata-wp-style--top=\"state.imageButtonTop\"\n\t\t>\n\t\t\t<svg xmlns=\"http:\/\/www.w3.org\/2000\/svg\" width=\"12\" height=\"12\" fill=\"none\" viewBox=\"0 0 12 12\">\n\t\t\t\t<path fill=\"#fff\" d=\"M2 0a2 2 0 0 0-2 2v2h1.5V2a.5.5 0 0 1 .5-.5h2V0H2Zm2 10.5H2a.5.5 0 0 1-.5-.5V8H0v2a2 2 0 0 0 2 2h2v-1.5ZM8 12v-1.5h2a.5.5 0 0 0 .5-.5V8H12v2a2 2 0 0 1-2 2H8Zm2-12a2 2 0 0 1 2 2v2h-1.5V2a.5.5 0 0 0-.5-.5H8V0h2Z\" \/>\n\t\t\t<\/svg>\n\t\t<\/button><\/figure>\n\n\n\n<p>Vi si presenter\u00e0 una pagina con campi dati da riempire.<\/p>\n\n\n\n<p>Dopo essere entrati si dovr\u00e0 selezionare la tessera Atleta NON AGONISTA o AGONISTA tennis e selezionare il circolo come da immagine qui sotto, se non si \u00e8 tesserati, oppure rinnovare la tessera apposita per l&#8217;anno successivo.<\/p>\n\n\n\n<div class=\"wp-block-columns is-layout-flex wp-container-core-columns-is-layout-9d6595d7 wp-block-columns-is-layout-flex\">\n<div class=\"wp-block-column is-layout-flow wp-block-column-is-layout-flow\">\n<figure class=\"wp-block-gallery has-nested-images columns-default is-cropped wp-block-gallery-1 is-layout-flex wp-block-gallery-is-layout-flex\">\n<figure data-wp-context=\"{&quot;imageId&quot;:&quot;69fbaa768551f&quot;}\" data-wp-interactive=\"core\/image\" data-wp-key=\"69fbaa768551f\" class=\"wp-block-image size-full wp-lightbox-container\"><img loading=\"lazy\" decoding=\"async\" width=\"966\" height=\"739\" data-wp-class--hide=\"state.isContentHidden\" data-wp-class--show=\"state.isContentVisible\" data-wp-init=\"callbacks.setButtonStyles\" data-wp-on--click=\"actions.showLightbox\" data-wp-on--load=\"callbacks.setButtonStyles\" data-wp-on-window--resize=\"callbacks.setButtonStyles\" data-id=\"12113\" src=\"https:\/\/new.atpoiano.it\/wordpress\/wp-content\/uploads\/2025\/12\/selezione-FITP-2026-NON-agonista-sito.png\" alt=\"\" class=\"wp-image-12113\" srcset=\"https:\/\/new.atpoiano.it\/wordpress\/wp-content\/uploads\/2025\/12\/selezione-FITP-2026-NON-agonista-sito.png 966w, https:\/\/new.atpoiano.it\/wordpress\/wp-content\/uploads\/2025\/12\/selezione-FITP-2026-NON-agonista-sito-320x245.png 320w, https:\/\/new.atpoiano.it\/wordpress\/wp-content\/uploads\/2025\/12\/selezione-FITP-2026-NON-agonista-sito-768x588.png 768w\" sizes=\"auto, (max-width: 966px) 100vw, 966px\" \/><button\n\t\t\tclass=\"lightbox-trigger\"\n\t\t\ttype=\"button\"\n\t\t\taria-haspopup=\"dialog\"\n\t\t\taria-label=\"Ingrandisci\"\n\t\t\tdata-wp-init=\"callbacks.initTriggerButton\"\n\t\t\tdata-wp-on--click=\"actions.showLightbox\"\n\t\t\tdata-wp-style--right=\"state.imageButtonRight\"\n\t\t\tdata-wp-style--top=\"state.imageButtonTop\"\n\t\t>\n\t\t\t<svg xmlns=\"http:\/\/www.w3.org\/2000\/svg\" width=\"12\" height=\"12\" fill=\"none\" viewBox=\"0 0 12 12\">\n\t\t\t\t<path fill=\"#fff\" d=\"M2 0a2 2 0 0 0-2 2v2h1.5V2a.5.5 0 0 1 .5-.5h2V0H2Zm2 10.5H2a.5.5 0 0 1-.5-.5V8H0v2a2 2 0 0 0 2 2h2v-1.5ZM8 12v-1.5h2a.5.5 0 0 0 .5-.5V8H12v2a2 2 0 0 1-2 2H8Zm2-12a2 2 0 0 1 2 2v2h-1.5V2a.5.5 0 0 0-.5-.5H8V0h2Z\" \/>\n\t\t\t<\/svg>\n\t\t<\/button><\/figure>\n<\/figure>\n\n\n\n<p class=\"has-text-align-center\">selezione FITP NON AGONISTA<\/p>\n<\/div>\n\n\n\n<div class=\"wp-block-column is-layout-flow wp-block-column-is-layout-flow\">\n<figure class=\"wp-block-gallery has-nested-images columns-default is-cropped wp-block-gallery-2 is-layout-flex wp-block-gallery-is-layout-flex\">\n<figure data-wp-context=\"{&quot;imageId&quot;:&quot;69fbaa7685e52&quot;}\" data-wp-interactive=\"core\/image\" data-wp-key=\"69fbaa7685e52\" class=\"wp-block-image size-full wp-lightbox-container\"><img loading=\"lazy\" decoding=\"async\" width=\"966\" height=\"739\" data-wp-class--hide=\"state.isContentHidden\" data-wp-class--show=\"state.isContentVisible\" data-wp-init=\"callbacks.setButtonStyles\" data-wp-on--click=\"actions.showLightbox\" data-wp-on--load=\"callbacks.setButtonStyles\" data-wp-on-window--resize=\"callbacks.setButtonStyles\" data-id=\"12112\" src=\"https:\/\/new.atpoiano.it\/wordpress\/wp-content\/uploads\/2025\/12\/selezione-FITP-2026-AGONISTA-sito.png\" alt=\"\" class=\"wp-image-12112\" srcset=\"https:\/\/new.atpoiano.it\/wordpress\/wp-content\/uploads\/2025\/12\/selezione-FITP-2026-AGONISTA-sito.png 966w, https:\/\/new.atpoiano.it\/wordpress\/wp-content\/uploads\/2025\/12\/selezione-FITP-2026-AGONISTA-sito-320x245.png 320w, https:\/\/new.atpoiano.it\/wordpress\/wp-content\/uploads\/2025\/12\/selezione-FITP-2026-AGONISTA-sito-768x588.png 768w\" sizes=\"auto, (max-width: 966px) 100vw, 966px\" \/><button\n\t\t\tclass=\"lightbox-trigger\"\n\t\t\ttype=\"button\"\n\t\t\taria-haspopup=\"dialog\"\n\t\t\taria-label=\"Ingrandisci\"\n\t\t\tdata-wp-init=\"callbacks.initTriggerButton\"\n\t\t\tdata-wp-on--click=\"actions.showLightbox\"\n\t\t\tdata-wp-style--right=\"state.imageButtonRight\"\n\t\t\tdata-wp-style--top=\"state.imageButtonTop\"\n\t\t>\n\t\t\t<svg xmlns=\"http:\/\/www.w3.org\/2000\/svg\" width=\"12\" height=\"12\" fill=\"none\" viewBox=\"0 0 12 12\">\n\t\t\t\t<path fill=\"#fff\" d=\"M2 0a2 2 0 0 0-2 2v2h1.5V2a.5.5 0 0 1 .5-.5h2V0H2Zm2 10.5H2a.5.5 0 0 1-.5-.5V8H0v2a2 2 0 0 0 2 2h2v-1.5ZM8 12v-1.5h2a.5.5 0 0 0 .5-.5V8H12v2a2 2 0 0 1-2 2H8Zm2-12a2 2 0 0 1 2 2v2h-1.5V2a.5.5 0 0 0-.5-.5H8V0h2Z\" \/>\n\t\t\t<\/svg>\n\t\t<\/button><\/figure>\n<\/figure>\n\n\n\n<p class=\"has-text-align-center\">selezione FITP AGONISTA<\/p>\n<\/div>\n<\/div>\n\n\n\n<p id=\"block-b31110b5-962d-41ff-9675-18e37e8590d8\">Assicurati di aver verificato la email con apposita convalida tramite codice numerico.<\/p>\n\n\n\n<p>Una volta completato il formulario, vi verr\u00e0 confermata l&#8217;iscrizione alla FITP e verr\u00e0 inviata alla segreteria di A.T.Poiano la richiesta.<\/p>\n\n\n\n<p><strong>INFORMAZIONI PRINCIPALI<\/strong><\/p>\n\n\n\n<p>Il primo consenso \u00e8 obbligatorio, gli altri facoltativi.<\/p>\n\n\n\n<p>Tramite la registrazione alla piattaforma <a href=\"https:\/\/fanfedertennis.b2clogin.com\/fanfedertennis.onmicrosoft.com\/b2c_1_dp_myfitp_sign_up_sign_in\/oauth2\/v2.0\/authorize?client_id=696c5caf-81dc-4f15-9a11-7e54a3fc87b6&amp;scope=openid%20profile%20696c5caf-81dc-4f15-9a11-7e54a3fc87b6%20offline_access&amp;redirect_uri=https%3A%2F%2Flemon-cliff-043a88c03.3.azurestaticapps.net%2Fdashboard%0D%0A&amp;client-request-id=747fa4d3-f041-4dd9-a7cb-e3322e11210e&amp;response_mode=fragment&amp;response_type=code&amp;x-client-SKU=msal.js.browser&amp;x-client-VER=2.32.0&amp;client_info=1&amp;code_challenge=-YlwJaO-fEB0DyPNKuAJyIC7VDLu-r8B0GGpt2Kbc5s&amp;code_challenge_method=S256&amp;nonce=1bbe8ea1-21f3-421f-a82a-9120cd03858b&amp;state=eyJpZCI6Ijk4OGQwNjRiLTJjYWYtNDljOC04Y2VjLTE2MzI4MDk3YjY3ZiIsIm1ldGEiOnsiaW50ZXJhY3Rpb25UeXBlIjoicmVkaXJlY3QifX0%3D\" target=\"_blank\" rel=\"noreferrer noopener\">MyFITP (link di registrazione)<\/a> potrai entrare a far parte di una Community con appasionati ed esperti di tennis, iscriverti a tornei seguire le tue statisiche di gioco, ecc.<\/p>\n\n\n\n<p><strong><a href=\"https:\/\/www.fitp.it\/federazione\/Tesseramento\/Come-e-perche-tesserarsi\" target=\"_blank\" rel=\"noreferrer noopener\">COME E PERCH\u00c8 TESSERARSI&nbsp; (clicca qui)<\/a><\/strong><\/p>\n\n\n\n<p><strong>LE TESSERE FITP<\/strong><br><a href=\"https:\/\/www.fitp.it\/Federazione\/Tesseramento\/Tessere-FIT\" target=\"_blank\" rel=\"noreferrer noopener\">Confronto tra tutte le tipologie di tessere, per individuare quella pi\u00f9 adatta alla propria passione, clicca qui<\/a><\/p>\n\n\n\n<p><strong>A ogni indirizzo E-mail potr\u00e0 essere associato un solo utente. In caso di atleta minorenne, il flusso di informazioni \u00e8 gestito da chi ha la responsabilit\u00e0 tutoriale del minore.<\/strong><\/p>\n\n\n\n<p>Grazie della collaborazione<\/p>\n\n\n\n<p>La Direzione<\/p>\n\n\n\n<p id=\"block-b31110b5-962d-41ff-9675-18e37e8590d8\"><\/p>\n\n\n\n<p>\ufeff<\/p>\n\n\n\n<p><\/p>\n","protected":false},"excerpt":{"rendered":"<p>IL TESSERAMENTO alla FITP E&#8217; OBBLIGATORIO E&#8217; possibile fare una nuova richiesta o il rinnovo della propria tessera FITP (Federazione<\/p>\n","protected":false},"author":7,"featured_media":0,"parent":386,"menu_order":4,"comment_status":"closed","ping_status":"closed","template":"","meta":{"footnotes":""},"class_list":["post-3878","page","type-page","status-publish","hentry"],"_links":{"self":[{"href":"https:\/\/new.atpoiano.it\/wordpress\/wp-json\/wp\/v2\/pages\/3878","targetHints":{"allow":["GET"]}}],"collection":[{"href":"https:\/\/new.atpoiano.it\/wordpress\/wp-json\/wp\/v2\/pages"}],"about":[{"href":"https:\/\/new.atpoiano.it\/wordpress\/wp-json\/wp\/v2\/types\/page"}],"author":[{"embeddable":true,"href":"https:\/\/new.atpoiano.it\/wordpress\/wp-json\/wp\/v2\/users\/7"}],"replies":[{"embeddable":true,"href":"https:\/\/new.atpoiano.it\/wordpress\/wp-json\/wp\/v2\/comments?post=3878"}],"version-history":[{"count":35,"href":"https:\/\/new.atpoiano.it\/wordpress\/wp-json\/wp\/v2\/pages\/3878\/revisions"}],"predecessor-version":[{"id":12114,"href":"https:\/\/new.atpoiano.it\/wordpress\/wp-json\/wp\/v2\/pages\/3878\/revisions\/12114"}],"up":[{"embeddable":true,"href":"https:\/\/new.atpoiano.it\/wordpress\/wp-json\/wp\/v2\/pages\/386"}],"wp:attachment":[{"href":"https:\/\/new.atpoiano.it\/wordpress\/wp-json\/wp\/v2\/media?parent=3878"}],"curies":[{"name":"wp","href":"https:\/\/api.w.org\/{rel}","templated":true}]}}