{"id":11784,"date":"2025-10-31T14:21:50","date_gmt":"2025-10-31T13:21:50","guid":{"rendered":"https:\/\/new.atpoiano.it\/wordpress\/?page_id=11784"},"modified":"2026-02-28T13:37:05","modified_gmt":"2026-02-28T12:37:05","slug":"il-regolamento-della-palestra","status":"publish","type":"page","link":"https:\/\/new.atpoiano.it\/wordpress\/club\/il-regolamento-della-palestra\/","title":{"rendered":"Il Regolamento della palestra"},"content":{"rendered":"\n<h2 class=\"wp-block-heading\">Regolamento di utilizzo della palestra<\/h2>\n\n\n\n<p>Lo scopo primario della palestra \u00e8 di consentire il <strong>riscaldamento<\/strong> degli atleti prima dell&#8217;ingresso in campo per l&#8217;ora di tennis o di agevolarli nelle fasi di <strong>stretching\/scarico<\/strong> post allenamento.<\/p>\n\n\n\n<p>Tutti i soci dell\u2019Associazione Tennis Poiano (\u201cATP\u201d) possono accedere liberamente alla palestra nel rispetto del presente regolamento e delle altre norme applicabili e, in particolare, negli orari di apertura, nel rispetto dello scopo primario di cui al comma precedente; il socio che volesse utilizzare la palestra per altri scopi \u00e8 obbligato a chiedere il previo consenso scritto del <strong>Consiglio Direttivo<\/strong>.<\/p>\n\n\n\n<p>Ciascun socio ha l\u2019obbligo di segnalare immediatamente alla segreteria dell\u2019ATP al numero di WhatsApp <a href=\"https:\/\/wa.me\/message\/XETGA2ANR33PI1\">0458700724 <\/a>qualsiasi circostanza utile, in particolare per la conservazione, l\u2019utilizzo e la sicurezza del locale e di quanto ivi contenuto (ad esempio: presenza di estranei, guasti, circostanze sospette, indici di pericolo, contenitori per i rifiuti non in ordine, arredi o attrezzi danneggiati) e di intervenire immediatamente quando ci\u00f2 sia necessario, direttamente o contattando le Autorit\u00e0 (ad esempio: vetrate lasciate aperte in orario di chiusura, sospetto di furto in corso, perdite, incendio).<\/p>\n\n\n\n<p>All\u2019interno della palestra i soci possono usufruire liberamente &#8211; ma sotto la propria esclusiva responsabilit\u00e0 &#8211; dell&#8217;attrezzatura messa a loro disposizione avendo l&#8217;accortezza di <strong>non sporcare il locale lasciando le scarpe nei pressi della scarpiera<\/strong> posta all&#8217;ingresso. Non \u00e8 consentito prendere in prestito l&#8217;attrezzattura n\u00e9 depositare nuova attrezzatura senza il previo consenso scritto del Consiglio Direttivo.<\/p>\n\n\n\n<p>Come per l&#8217;utilizzo dei campo da gioco, l&#8217;ATP non effettua alcuna sorveglianza con riferimento alla palestra, all&#8217;attrezzatura e al relativo utilizzo: l&#8217;accesso alla palestra \u00e8 consentito solo ai soci, sotto la relativa esclusiva responsabilit\u00e0 e con espressa esclusione di qualsiasi responsabilit\u00e0 a qualsiasi titolo da parte dell&#8217;ATP.<\/p>\n\n\n\n<p>\u00c8 vietato consumare alimenti, alcolici e fumare nei pressi della palestra.<\/p>\n\n\n\n<p>Nei pressi della palestra \u00e8 obbligatorio mantenere sempre un comportamento educato e rispettoso delle strutture e dei soci dell\u2019ATP; durante il gioco sui campi da tennis, \u00e8 obbligatorio mantenere il silenzio; tutti i soci sono onerati di osservare norme e regolamenti della FITP applicabili all\u2019utilizzo della palestra, consultabili sul sito istituzionale della FITP. <\/p>\n\n\n\n<p>Eventuali violazioni del presente regolamento e, in generale, tutti i comportamenti potenzialmente pregiudizievoli con riferimento all\u2019utilizzo della palestra devono essere segnalati alla segreteria dell\u2019ATP, che si riserva di coinvolgere il Collegio dei Probiviri nei casi previsti. <\/p>\n\n\n\n<p>L\u2019ATP si riserva di modificare nel tempo il presente Regolamento, dandone comunicazione ai soci anche attraverso la relativa pubblicazione in versione aggiornata sul sito dell&#8217;ATP.<\/p>\n\n\n\n<p><\/p>\n","protected":false},"excerpt":{"rendered":"<p>Regolamento di utilizzo della palestra Lo scopo primario della palestra \u00e8 di consentire il riscaldamento degli atleti prima dell&#8217;ingresso in<\/p>\n","protected":false},"author":10,"featured_media":0,"parent":386,"menu_order":0,"comment_status":"closed","ping_status":"closed","template":"","meta":{"footnotes":""},"class_list":["post-11784","page","type-page","status-publish","hentry"],"_links":{"self":[{"href":"https:\/\/new.atpoiano.it\/wordpress\/wp-json\/wp\/v2\/pages\/11784","targetHints":{"allow":["GET"]}}],"collection":[{"href":"https:\/\/new.atpoiano.it\/wordpress\/wp-json\/wp\/v2\/pages"}],"about":[{"href":"https:\/\/new.atpoiano.it\/wordpress\/wp-json\/wp\/v2\/types\/page"}],"author":[{"embeddable":true,"href":"https:\/\/new.atpoiano.it\/wordpress\/wp-json\/wp\/v2\/users\/10"}],"replies":[{"embeddable":true,"href":"https:\/\/new.atpoiano.it\/wordpress\/wp-json\/wp\/v2\/comments?post=11784"}],"version-history":[{"count":7,"href":"https:\/\/new.atpoiano.it\/wordpress\/wp-json\/wp\/v2\/pages\/11784\/revisions"}],"predecessor-version":[{"id":12274,"href":"https:\/\/new.atpoiano.it\/wordpress\/wp-json\/wp\/v2\/pages\/11784\/revisions\/12274"}],"up":[{"embeddable":true,"href":"https:\/\/new.atpoiano.it\/wordpress\/wp-json\/wp\/v2\/pages\/386"}],"wp:attachment":[{"href":"https:\/\/new.atpoiano.it\/wordpress\/wp-json\/wp\/v2\/media?parent=11784"}],"curies":[{"name":"wp","href":"https:\/\/api.w.org\/{rel}","templated":true}]}}