{"id":11366,"date":"2025-08-24T14:42:01","date_gmt":"2025-08-24T12:42:01","guid":{"rendered":"https:\/\/new.atpoiano.it\/wordpress\/?page_id=11366"},"modified":"2025-08-24T14:42:01","modified_gmt":"2025-08-24T12:42:01","slug":"scuola-tennis-2025-2026","status":"publish","type":"page","link":"https:\/\/new.atpoiano.it\/wordpress\/scuola-tennis-2025-2026\/","title":{"rendered":"Scuola Tennis 2025-2026"},"content":{"rendered":"<p><strong><span style=\"color: #ff0000;\">ASSOCIAZIONE TENNIS POIANO &#8211; SCUOLA TENNIS<\/span> <\/strong><br \/>Accreditata CLUB SCHOOL &#8211; Federazione Italiana Tennis e Padel<\/p>\n<p>organizza una Scuola Addestramento Tennis rivolta a <strong>ragazzi\/e dai 6 ai 18 anni<\/strong> e coordinata dal <strong>Maestro Nazionale Alberto Falchi<\/strong><\/p>\n<p><strong>IL PERIODO<\/strong><\/p>\n<p>Inizio LUNED\u00cc 06 OTTOBRE 2025<br \/>Termine VENERD\u00cc 29 MAGGIO 2026<\/p>\n<p align=\"justify\">Nel periodo natalizio e pasquale \u00e8 prevista una pausa.<br \/>Le lezioni si svolgeranno nelle fasce orarie pomeridiane con frequenza di UNA, DUE o TRE volte a settimana. I gruppi di ragazzi saranno composti di un minimo di 3 a massimo di 6 atleti.<br \/>Il maestro Falchi si avvarr\u00e0, ove necessario, di un collaboratore per lo svolgimento della Scuola Tennis accreditata <strong>Club School<\/strong> dalla Federazione Italiana Tennis e Padel.<br \/>Le lezioni non effettuate &#8211; ad esempio, per cause di forza maggiore, impedimenti di maestro e\/o collaboratore, esigenze dell&#8217;Associazione &#8211; verranno recuperate nella settimana successiva alla fine del corso (giugno 2026).<\/p>\n<p><strong>IL CERTIFICATO MEDICO<\/strong><br \/>\u00c8 obbligatorio essere in possesso di certificato medico in corso di validit\u00e0 (per attivit\u00e0 non agonistica) da consegnare al Maestro o in segreteria.<br \/><strong>In mancanza del certificato non sar\u00e0 possibile giocare.<\/strong><\/p>\n<p><strong>LE ISCRIZIONI<\/strong><br \/>Le iscrizioni vanno fatte ESCLUSIVAMENTE sul sito:<\/p>\n<p><a href=\"https:\/\/new.atpoiano.it\/iscrizione-scuola-tennis-2025-2026\/\">https:\/\/new.atpoiano.it\/iscrizione-scuola-tennis-2025-2026\/<\/a><\/p>\n<p><strong>I COSTI<\/strong><\/p>\n<p>Il costo per l&#8217;iscrizione alla Scuola Addestramento Tennis diretta dal Maestro Nazionale Alberto Falchi \u00e8 il seguente:<\/p>\n<p>1 volta\/settimana: \u20ac 410,00<\/p>\n<p>2 volte\/settimana: \u20ac 660,00<\/p>\n<p>3 volte\/settimana: \u20ac 830,00<\/p>\n<p><strong>Costo tessera sociale:<\/strong><br \/>&#8211; 25 euro per i nati dal 2007 in poi (Under 18 nel 2025);<br \/>&#8211; 40 euro per i nati prima del 2006 incluso (Over 18 nel 2025).<\/p>\n<p><strong>Costo tessera FITP:<\/strong><br \/>&#8211; 13 euro per i nati dal 2010 in poi (Under 16 nel 2026);<br \/>&#8211; 19 euro per i nati prima del 2009 incluso (Over 16 nel 2026).<\/p>\n<p align=\"justify\"><span style=\"color: #ff0000;\"><strong>LEGGERE CON ATTENZIONE<\/strong><\/span><br \/><strong>Successivamente alla ricezione dell&#8217;iscrizione invieremo via email e via WhatsApp uno schema dettagliato derivante dalla scelta della frequenza e del tipo di pagamento, che includer\u00e0 la personalizzazione del costo della tessera sociale e della tessera FITP.<\/strong><\/p>\n<p>Tutti gli iscritti in regola con la consegna del certificato medico riceveranno un completino (compreso nella quota).<\/p>\n<p><strong>IMPORTANTE:<\/strong> Le iscrizioni vanno fatte ESCLUSIVAMENTE sul sito:<\/p>\n<p><a href=\"https:\/\/new.atpoiano.it\/iscrizione-scuola-tennis-2025-2026\/\">https:\/\/new.atpoiano.it\/iscrizione-scuola-tennis-2025-2026\/<\/a><\/p>\n\n\n<p><\/p>\n","protected":false},"excerpt":{"rendered":"<p>ASSOCIAZIONE TENNIS POIANO &#8211; SCUOLA TENNIS Accreditata CLUB SCHOOL &#8211; Federazione Italiana Tennis e Padel organizza una Scuola Addestramento Tennis<\/p>\n","protected":false},"author":7,"featured_media":0,"parent":0,"menu_order":0,"comment_status":"closed","ping_status":"closed","template":"","meta":{"footnotes":""},"class_list":["post-11366","page","type-page","status-publish","hentry"],"_links":{"self":[{"href":"https:\/\/new.atpoiano.it\/wordpress\/wp-json\/wp\/v2\/pages\/11366","targetHints":{"allow":["GET"]}}],"collection":[{"href":"https:\/\/new.atpoiano.it\/wordpress\/wp-json\/wp\/v2\/pages"}],"about":[{"href":"https:\/\/new.atpoiano.it\/wordpress\/wp-json\/wp\/v2\/types\/page"}],"author":[{"embeddable":true,"href":"https:\/\/new.atpoiano.it\/wordpress\/wp-json\/wp\/v2\/users\/7"}],"replies":[{"embeddable":true,"href":"https:\/\/new.atpoiano.it\/wordpress\/wp-json\/wp\/v2\/comments?post=11366"}],"version-history":[{"count":2,"href":"https:\/\/new.atpoiano.it\/wordpress\/wp-json\/wp\/v2\/pages\/11366\/revisions"}],"predecessor-version":[{"id":11376,"href":"https:\/\/new.atpoiano.it\/wordpress\/wp-json\/wp\/v2\/pages\/11366\/revisions\/11376"}],"wp:attachment":[{"href":"https:\/\/new.atpoiano.it\/wordpress\/wp-json\/wp\/v2\/media?parent=11366"}],"curies":[{"name":"wp","href":"https:\/\/api.w.org\/{rel}","templated":true}]}}